{"id":5505,"date":"2025-11-09T14:46:03","date_gmt":"2025-11-09T13:46:03","guid":{"rendered":"https:\/\/asseln-evangelisch.de\/?page_id=5505"},"modified":"2026-02-13T22:28:40","modified_gmt":"2026-02-13T21:28:40","slug":"fuer-alle-generationen-2","status":"publish","type":"page","link":"https:\/\/asseln-evangelisch.de\/index.php\/fuer-alle-generationen-2\/","title":{"rendered":"F\u00fcr alle Generationen"},"content":{"rendered":"<div class=\"fusion-fullwidth fullwidth-box fusion-builder-row-1 fusion-flex-container nonhundred-percent-fullwidth non-hundred-percent-height-scrolling\" style=\"--awb-border-radius-top-left:0px;--awb-border-radius-top-right:0px;--awb-border-radius-bottom-right:0px;--awb-border-radius-bottom-left:0px;--awb-flex-wrap:wrap;\" ><div class=\"fusion-builder-row fusion-row fusion-flex-align-items-flex-start fusion-flex-content-wrap\" style=\"max-width:1248px;margin-left: calc(-4% \/ 2 );margin-right: calc(-4% \/ 2 );\"><div class=\"fusion-layout-column fusion_builder_column fusion-builder-column-0 fusion_builder_column_1_1 1_1 fusion-flex-column\" style=\"--awb-bg-size:cover;--awb-width-large:100%;--awb-margin-top-large:0px;--awb-spacing-right-large:1.92%;--awb-margin-bottom-large:20px;--awb-spacing-left-large:1.92%;--awb-width-medium:100%;--awb-order-medium:0;--awb-spacing-right-medium:1.92%;--awb-spacing-left-medium:1.92%;--awb-width-small:100%;--awb-order-small:0;--awb-spacing-right-small:1.92%;--awb-spacing-left-small:1.92%;\"><div class=\"fusion-column-wrapper fusion-column-has-shadow fusion-flex-justify-content-flex-start fusion-content-layout-column\"><div class=\"fusion-text fusion-text-1\"><h1>Unser Angebot: F\u00fcr alle Generationen<\/h1>\n<h2>Miteinander lachen, sich helfen und unterst\u00fctzen<\/h2>\n<p>Wir bieten interessieren Menschen Angebote f\u00fcr die unterschiedlichen Lebenssituationen. Ob im Ruhestand, Berufst\u00e4tig, Alleinstehend oder neu zugezogen, bei uns erfahren Sie Beachtung, Informationen und soziale N\u00e4he. Alle Gruppen sind offen und freuen sich auf Sie!<\/p>\n<\/div><div class=\"fusion-separator fusion-full-width-sep\" style=\"align-self: center;margin-left: auto;margin-right: auto;margin-top:30px;width:100%;\"><\/div><div class=\"fusion-builder-row fusion-builder-row-inner fusion-row fusion-flex-align-items-flex-start fusion-flex-content-wrap\" style=\"--awb-flex-grow:0;--awb-flex-grow-medium:0;--awb-flex-grow-small:0;--awb-flex-shrink:0;--awb-flex-shrink-medium:0;--awb-flex-shrink-small:0;width:104% !important;max-width:104% !important;margin-left: calc(-4% \/ 2 );margin-right: calc(-4% \/ 2 );\"><div class=\"fusion-layout-column fusion_builder_column_inner fusion-builder-nested-column-0 fusion_builder_column_inner_1_2 1_2 fusion-flex-column\" style=\"--awb-bg-size:cover;--awb-box-shadow:0px 0px 10px 1px #9e9e9e;;--awb-width-large:50%;--awb-margin-top-large:0px;--awb-spacing-right-large:3.84%;--awb-margin-bottom-large:20px;--awb-spacing-left-large:3.84%;--awb-width-medium:50%;--awb-order-medium:0;--awb-spacing-right-medium:3.84%;--awb-spacing-left-medium:3.84%;--awb-width-small:100%;--awb-order-small:0;--awb-spacing-right-small:1.92%;--awb-spacing-left-small:1.92%;\"><div class=\"fusion-column-wrapper fusion-column-has-shadow fusion-flex-justify-content-flex-start fusion-content-layout-column\"><div class=\"fusion-image-element \" style=\"text-align:center;--awb-caption-title-font-family:var(--h2_typography-font-family);--awb-caption-title-font-weight:var(--h2_typography-font-weight);--awb-caption-title-font-style:var(--h2_typography-font-style);--awb-caption-title-size:var(--h2_typography-font-size);--awb-caption-title-transform:var(--h2_typography-text-transform);--awb-caption-title-line-height:var(--h2_typography-line-height);--awb-caption-title-letter-spacing:var(--h2_typography-letter-spacing);\"><span class=\" fusion-imageframe imageframe-none imageframe-1 hover-type-none\"><img decoding=\"async\" width=\"300\" height=\"225\" title=\"OffeneKircheTeam2024\" src=\"https:\/\/asseln-evangelisch.de\/wp-content\/uploads\/2025\/09\/OffeneKircheTeam2024-300x225.jpg\" alt class=\"img-responsive wp-image-5343\" srcset=\"https:\/\/asseln-evangelisch.de\/wp-content\/uploads\/2025\/09\/OffeneKircheTeam2024-200x150.jpg 200w, https:\/\/asseln-evangelisch.de\/wp-content\/uploads\/2025\/09\/OffeneKircheTeam2024-400x300.jpg 400w, https:\/\/asseln-evangelisch.de\/wp-content\/uploads\/2025\/09\/OffeneKircheTeam2024-600x450.jpg 600w, https:\/\/asseln-evangelisch.de\/wp-content\/uploads\/2025\/09\/OffeneKircheTeam2024-800x600.jpg 800w, https:\/\/asseln-evangelisch.de\/wp-content\/uploads\/2025\/09\/OffeneKircheTeam2024.jpg 1008w\" sizes=\"(max-width: 640px) 100vw, 600px\" \/><\/span><\/div><div class=\"fusion-text fusion-text-2\"><h5 style=\"text-align: center;\"><\/h5>\n<h5 style=\"text-align: center;\"><\/h5>\n<h5 style=\"text-align: center;\">Offene Kirche<\/h5>\n<\/div><div class=\"accordian fusion-accordian\" style=\"--awb-border-size:0px;--awb-icon-size:16px;--awb-content-font-size:14px;--awb-icon-alignment:left;--awb-hover-color:#f9f9fb;--awb-border-color:#e2e2e2;--awb-background-color:#ffffff;--awb-divider-color:#e0dede;--awb-divider-hover-color:#e0dede;--awb-icon-color:#ffffff;--awb-title-color:#153b7c;--awb-content-color:#333333;--awb-icon-box-color:#8a2428;--awb-toggle-hover-accent-color:#560001;--awb-title-font-family:Arial, Helvetica, sans-serif;--awb-title-font-weight:400;--awb-title-font-style:normal;--awb-content-font-family:Arial, Helvetica, sans-serif;--awb-content-font-style:normal;--awb-content-font-weight:400;\"><div class=\"panel-group fusion-toggle-icon-boxed\" id=\"accordion-5505-1\"><div class=\"fusion-panel panel-default panel-42a6c292b841e7983 fusion-toggle-no-divider fusion-toggle-boxed-mode\" style=\"--awb-title-color:#153b7c;--awb-content-color:#333333;\"><div class=\"panel-heading\"><h4 class=\"panel-title toggle\" id=\"toggle_42a6c292b841e7983\"><a aria-expanded=\"false\" aria-controls=\"42a6c292b841e7983\" role=\"button\" data-toggle=\"collapse\" data-parent=\"#accordion-5505-1\" data-target=\"#42a6c292b841e7983\" href=\"#42a6c292b841e7983\"><span class=\"fusion-toggle-icon-wrapper\" aria-hidden=\"true\"><i class=\"fa-fusion-box active-icon awb-icon-minus\" aria-hidden=\"true\"><\/i><i class=\"fa-fusion-box inactive-icon awb-icon-plus\" aria-hidden=\"true\"><\/i><\/span><span class=\"fusion-toggle-heading\">Informationen<\/span><\/a><\/h4><\/div><div id=\"42a6c292b841e7983\" class=\"panel-collapse collapse \" aria-labelledby=\"toggle_42a6c292b841e7983\"><div class=\"panel-body toggle-content fusion-clearfix\">\n<p>Au\u00dferhalb der Gottesdienstzeiten laden die offenen Kirchent\u00fcren an jedem ersten und dritten Mittwochnachmittag im Monat von 16.00 Uhr bis 18.00 Uhr ein, die Luther-Kirche als einen Raum der Stille, der inneren Sammlung und des Gebetes aufzusuchen. Weiterhin besteht die M\u00f6glichkeit, eine Kerze anzuz\u00fcnden oder die Architektur und die Ausmalungen in Ruhe zu betrachten. Die Kirchen\u00f6ffnungen werden von der Gruppe \u201eOffene Kirche\u201c organisiert und betreut. Jeweils zwei oder drei Mitglieder des Teams sind mittwochs in der Kirche anwesend und stehen als Ansprechpartner zur Verf\u00fcgung.<\/p>\n<p>Zu besonderen Anl\u00e4ssen oder auf Anfrage werden auch Kirchenf\u00fchrungen angeboten.<\/p>\n<\/div><\/div><\/div><div class=\"fusion-panel panel-default panel-49f409d3df037aa96 fusion-toggle-no-divider fusion-toggle-boxed-mode\" style=\"--awb-title-color:#153b7c;--awb-content-color:#333333;\"><div class=\"panel-heading\"><h4 class=\"panel-title toggle\" id=\"toggle_49f409d3df037aa96\"><a aria-expanded=\"false\" aria-controls=\"49f409d3df037aa96\" role=\"button\" data-toggle=\"collapse\" data-parent=\"#accordion-5505-1\" data-target=\"#49f409d3df037aa96\" href=\"#49f409d3df037aa96\"><span class=\"fusion-toggle-icon-wrapper\" aria-hidden=\"true\"><i class=\"fa-fusion-box active-icon awb-icon-minus\" aria-hidden=\"true\"><\/i><i class=\"fa-fusion-box inactive-icon awb-icon-plus\" aria-hidden=\"true\"><\/i><\/span><span class=\"fusion-toggle-heading\">Kontakt<\/span><\/a><\/h4><\/div><div id=\"49f409d3df037aa96\" class=\"panel-collapse collapse \" aria-labelledby=\"toggle_49f409d3df037aa96\"><div class=\"panel-body toggle-content fusion-clearfix\">\n<p><b>Ursula Tilly-H\u00f6schen <\/b>(Tel: 0231-61060538, Email: tilly-hoeschen@gmx.de).<\/p>\n<\/div><\/div><\/div><div class=\"fusion-panel panel-default panel-5865d1f08efa02c35 fusion-toggle-no-divider fusion-toggle-boxed-mode\" style=\"--awb-title-color:#153b7c;--awb-content-color:#333333;\"><div class=\"panel-heading\"><h4 class=\"panel-title toggle\" id=\"toggle_5865d1f08efa02c35\"><a aria-expanded=\"false\" aria-controls=\"5865d1f08efa02c35\" role=\"button\" data-toggle=\"collapse\" data-parent=\"#accordion-5505-1\" data-target=\"#5865d1f08efa02c35\" href=\"#5865d1f08efa02c35\"><span class=\"fusion-toggle-icon-wrapper\" aria-hidden=\"true\"><i class=\"fa-fusion-box active-icon awb-icon-minus\" aria-hidden=\"true\"><\/i><i class=\"fa-fusion-box inactive-icon awb-icon-plus\" aria-hidden=\"true\"><\/i><\/span><span class=\"fusion-toggle-heading\">Treffpunkt\/Termine<\/span><\/a><\/h4><\/div><div id=\"5865d1f08efa02c35\" class=\"panel-collapse collapse \" aria-labelledby=\"toggle_5865d1f08efa02c35\"><div class=\"panel-body toggle-content fusion-clearfix\">\n<p>Jeden ersten und dritten Mittwochnachmittag im Monat von 16.00 Uhr bis 18.00 Uhr in der Luther-Kirche.<\/p>\n<\/div><\/div><\/div><\/div><\/div><\/div><\/div><\/div><\/div><\/div><\/div><\/div>\n","protected":false},"excerpt":{"rendered":"","protected":false},"author":6,"featured_media":0,"parent":0,"menu_order":0,"comment_status":"closed","ping_status":"closed","template":"","meta":{"footnotes":""},"class_list":["post-5505","page","type-page","status-publish","hentry"],"yoast_head":"<!-- This site is optimized with the Yoast SEO plugin v27.3 - https:\/\/yoast.com\/product\/yoast-seo-wordpress\/ -->\n<title>F\u00fcr alle Generationen - Gemeinde Asseln<\/title>\n<meta name=\"robots\" content=\"index, follow, max-snippet:-1, max-image-preview:large, max-video-preview:-1\" \/>\n<link rel=\"canonical\" href=\"https:\/\/asseln-evangelisch.de\/index.php\/fuer-alle-generationen-2\/\" \/>\n<meta property=\"og:locale\" content=\"de_DE\" \/>\n<meta property=\"og:type\" content=\"article\" \/>\n<meta property=\"og:title\" content=\"F\u00fcr alle Generationen - Gemeinde Asseln\" \/>\n<meta property=\"og:url\" content=\"https:\/\/asseln-evangelisch.de\/index.php\/fuer-alle-generationen-2\/\" \/>\n<meta property=\"og:site_name\" content=\"Gemeinde Asseln\" \/>\n<meta property=\"article:modified_time\" content=\"2026-02-13T21:28:40+00:00\" \/>\n<meta name=\"twitter:card\" content=\"summary_large_image\" \/>\n<meta name=\"twitter:label1\" content=\"Gesch\u00e4tzte Lesezeit\" \/>\n\t<meta name=\"twitter:data1\" content=\"3\u00a0Minuten\" \/>\n<script type=\"application\/ld+json\" class=\"yoast-schema-graph\">{\"@context\":\"https:\\\/\\\/schema.org\",\"@graph\":[{\"@type\":\"WebPage\",\"@id\":\"https:\\\/\\\/asseln-evangelisch.de\\\/index.php\\\/fuer-alle-generationen-2\\\/\",\"url\":\"https:\\\/\\\/asseln-evangelisch.de\\\/index.php\\\/fuer-alle-generationen-2\\\/\",\"name\":\"F\u00fcr alle Generationen - Gemeinde Asseln\",\"isPartOf\":{\"@id\":\"https:\\\/\\\/asseln-evangelisch.de\\\/#website\"},\"datePublished\":\"2025-11-09T13:46:03+00:00\",\"dateModified\":\"2026-02-13T21:28:40+00:00\",\"breadcrumb\":{\"@id\":\"https:\\\/\\\/asseln-evangelisch.de\\\/index.php\\\/fuer-alle-generationen-2\\\/#breadcrumb\"},\"inLanguage\":\"de\",\"potentialAction\":[{\"@type\":\"ReadAction\",\"target\":[\"https:\\\/\\\/asseln-evangelisch.de\\\/index.php\\\/fuer-alle-generationen-2\\\/\"]}]},{\"@type\":\"BreadcrumbList\",\"@id\":\"https:\\\/\\\/asseln-evangelisch.de\\\/index.php\\\/fuer-alle-generationen-2\\\/#breadcrumb\",\"itemListElement\":[{\"@type\":\"ListItem\",\"position\":1,\"name\":\"Startseite\",\"item\":\"https:\\\/\\\/asseln-evangelisch.de\\\/\"},{\"@type\":\"ListItem\",\"position\":2,\"name\":\"F\u00fcr alle Generationen\"}]},{\"@type\":\"WebSite\",\"@id\":\"https:\\\/\\\/asseln-evangelisch.de\\\/#website\",\"url\":\"https:\\\/\\\/asseln-evangelisch.de\\\/\",\"name\":\"Gemeinde Asseln\",\"description\":\"Ev.-Luth. Kirchengemeinde Asseln\",\"potentialAction\":[{\"@type\":\"SearchAction\",\"target\":{\"@type\":\"EntryPoint\",\"urlTemplate\":\"https:\\\/\\\/asseln-evangelisch.de\\\/?s={search_term_string}\"},\"query-input\":{\"@type\":\"PropertyValueSpecification\",\"valueRequired\":true,\"valueName\":\"search_term_string\"}}],\"inLanguage\":\"de\"}]}<\/script>\n<!-- \/ Yoast SEO plugin. -->","yoast_head_json":{"title":"F\u00fcr alle Generationen - Gemeinde Asseln","robots":{"index":"index","follow":"follow","max-snippet":"max-snippet:-1","max-image-preview":"max-image-preview:large","max-video-preview":"max-video-preview:-1"},"canonical":"https:\/\/asseln-evangelisch.de\/index.php\/fuer-alle-generationen-2\/","og_locale":"de_DE","og_type":"article","og_title":"F\u00fcr alle Generationen - Gemeinde Asseln","og_url":"https:\/\/asseln-evangelisch.de\/index.php\/fuer-alle-generationen-2\/","og_site_name":"Gemeinde Asseln","article_modified_time":"2026-02-13T21:28:40+00:00","twitter_card":"summary_large_image","twitter_misc":{"Gesch\u00e4tzte Lesezeit":"3\u00a0Minuten"},"schema":{"@context":"https:\/\/schema.org","@graph":[{"@type":"WebPage","@id":"https:\/\/asseln-evangelisch.de\/index.php\/fuer-alle-generationen-2\/","url":"https:\/\/asseln-evangelisch.de\/index.php\/fuer-alle-generationen-2\/","name":"F\u00fcr alle Generationen - Gemeinde Asseln","isPartOf":{"@id":"https:\/\/asseln-evangelisch.de\/#website"},"datePublished":"2025-11-09T13:46:03+00:00","dateModified":"2026-02-13T21:28:40+00:00","breadcrumb":{"@id":"https:\/\/asseln-evangelisch.de\/index.php\/fuer-alle-generationen-2\/#breadcrumb"},"inLanguage":"de","potentialAction":[{"@type":"ReadAction","target":["https:\/\/asseln-evangelisch.de\/index.php\/fuer-alle-generationen-2\/"]}]},{"@type":"BreadcrumbList","@id":"https:\/\/asseln-evangelisch.de\/index.php\/fuer-alle-generationen-2\/#breadcrumb","itemListElement":[{"@type":"ListItem","position":1,"name":"Startseite","item":"https:\/\/asseln-evangelisch.de\/"},{"@type":"ListItem","position":2,"name":"F\u00fcr alle Generationen"}]},{"@type":"WebSite","@id":"https:\/\/asseln-evangelisch.de\/#website","url":"https:\/\/asseln-evangelisch.de\/","name":"Gemeinde Asseln","description":"Ev.-Luth. Kirchengemeinde Asseln","potentialAction":[{"@type":"SearchAction","target":{"@type":"EntryPoint","urlTemplate":"https:\/\/asseln-evangelisch.de\/?s={search_term_string}"},"query-input":{"@type":"PropertyValueSpecification","valueRequired":true,"valueName":"search_term_string"}}],"inLanguage":"de"}]}},"_links":{"self":[{"href":"https:\/\/asseln-evangelisch.de\/index.php\/wp-json\/wp\/v2\/pages\/5505","targetHints":{"allow":["GET"]}}],"collection":[{"href":"https:\/\/asseln-evangelisch.de\/index.php\/wp-json\/wp\/v2\/pages"}],"about":[{"href":"https:\/\/asseln-evangelisch.de\/index.php\/wp-json\/wp\/v2\/types\/page"}],"author":[{"embeddable":true,"href":"https:\/\/asseln-evangelisch.de\/index.php\/wp-json\/wp\/v2\/users\/6"}],"replies":[{"embeddable":true,"href":"https:\/\/asseln-evangelisch.de\/index.php\/wp-json\/wp\/v2\/comments?post=5505"}],"version-history":[{"count":6,"href":"https:\/\/asseln-evangelisch.de\/index.php\/wp-json\/wp\/v2\/pages\/5505\/revisions"}],"predecessor-version":[{"id":5842,"href":"https:\/\/asseln-evangelisch.de\/index.php\/wp-json\/wp\/v2\/pages\/5505\/revisions\/5842"}],"wp:attachment":[{"href":"https:\/\/asseln-evangelisch.de\/index.php\/wp-json\/wp\/v2\/media?parent=5505"}],"curies":[{"name":"wp","href":"https:\/\/api.w.org\/{rel}","templated":true}]}}